{"id":1128,"date":"2024-11-04T13:46:42","date_gmt":"2024-11-04T13:46:42","guid":{"rendered":"https:\/\/onurkenar.com\/?page_id=1128"},"modified":"2024-11-14T10:15:15","modified_gmt":"2024-11-14T10:15:15","slug":"is-gelistirme","status":"publish","type":"page","link":"https:\/\/onurkenar.com\/en\/is-gelistirme\/","title":{"rendered":"\u0130\u015f Geli\u015ftirme"},"content":{"rendered":"<div class=\"wp-block-stackable-columns stk-block-columns stk-block stk-408a21f\" data-block-id=\"408a21f\"><div class=\"stk-row stk-inner-blocks stk-block-content stk-content-align stk-408a21f-column\">\n<div class=\"wp-block-stackable-column stk-block-column stk-column stk-block stk-20c0e17\" data-v=\"4\" data-block-id=\"20c0e17\"><div class=\"stk-column-wrapper stk-block-column__content stk-container stk-20c0e17-container stk--no-background stk--no-padding\"><div class=\"stk-block-content stk-inner-blocks stk-20c0e17-inner-blocks\">\n<div class=\"wp-block-stackable-heading stk-block-heading stk-block-heading--v2 stk-block stk-1ad522b\" id=\"is-gelistirme\" data-block-id=\"1ad522b\"><h1 class=\"stk-block-heading__text\">\u0130\u015f Geli\u015ftirme<\/h1><\/div>\n\n\n\n<div class=\"wp-block-stackable-text stk-block-text stk-block stk-6e46a21\" data-block-id=\"6e46a21\"><style>.stk-6e46a21 {max-width:750px !important;min-width:auto !important;}.stk-6e46a21 .stk-block-text__text{font-size:18px !important;}@media screen and (max-width:999px){.stk-6e46a21 .stk-block-text__text{font-size:18px !important;}}<\/style><p class=\"stk-block-text__text\">\u0130\u015f analizi, piyasa ara\u015ft\u0131rmas\u0131 ve rekabet analizi yoluyla yeni i\u015f geli\u015ftirme f\u0131rsatlar\u0131n\u0131 belirliyorum. Bilgi teknolojileri alan\u0131nda proje y\u00f6netimi, CRM altyap\u0131 olu\u015fturma ve sistem geli\u015ftirme konular\u0131nda deneyimliyim. \u0130\u015fletmelerin s\u00fcrd\u00fcr\u00fclebilir b\u00fcy\u00fcme hedeflerine ula\u015fmalar\u0131 i\u00e7in i\u015f b\u00fcy\u00fctme stratejileri olu\u015ftururken, teknoloji \u00e7\u00f6z\u00fcmleri ve veriye dayal\u0131 yakla\u015f\u0131mlar kullanarak stratejik projeler y\u00f6netiyorum.<\/p><\/div>\n\n\n\n<div class=\"wp-block-stackable-text stk-block-text stk-block stk-2a9b92c\" data-block-id=\"2a9b92c\"><style>.stk-2a9b92c {max-width:750px !important;min-width:auto !important;}<\/style><p class=\"stk-block-text__text\">Analitik yeteneklerimi kullanarak, i\u015f s\u00fcre\u00e7lerinin performans\u0131n\u0131 \u00f6l\u00e7\u00fcp iyile\u015ftirmek i\u00e7in veriye dayal\u0131 analizler ger\u00e7ekle\u015ftiriyorum. \u00d6zellikle otomasyon ara\u00e7lar\u0131yla edindi\u011fim derinlemesine bilgi sayesinde, do\u011fru veriyi anlamland\u0131rarak stratejik kararlar al\u0131yorum. Ayr\u0131ca, haz\u0131r ve sanal ofis sekt\u00f6r\u00fcnde kazand\u0131\u011f\u0131m geni\u015f deneyimle, m\u00fc\u015fterilerin ihtiya\u00e7lar\u0131n\u0131 \u00f6ng\u00f6rerek i\u015f modeli geli\u015ftirme s\u00fcre\u00e7lerinde etkili \u00e7\u00f6z\u00fcmler sunuyorum. Bu sekt\u00f6rde, i\u015fletmelere uygun b\u00fcy\u00fcme stratejileri olu\u015ftururken, esnek ve maliyet etkin ofis \u00e7\u00f6z\u00fcmleri sunarak \u015firketlerin operasyonel verimliliklerini art\u0131rmalar\u0131na yard\u0131mc\u0131 oldum. \u0130\u015f geli\u015ftirme s\u00fcre\u00e7lerinde bu tecr\u00fcbemi, i\u015fletmelerin pazar paylar\u0131n\u0131 art\u0131rmalar\u0131 ve daha geni\u015f kitlelere ula\u015fmalar\u0131 i\u00e7in kullan\u0131yorum.<\/p><\/div>\n<\/div><\/div><\/div>\n<\/div><\/div>\n\n\n\n<div class=\"wp-block-stackable-spacer stk-block-spacer stk--no-padding stk-block stk-78dd0c2\" data-block-id=\"78dd0c2\"><\/div>\n\n\n<style><\/style><style><\/style>\n<div class=\"wp-block-stackable-columns stk-block-columns stk-block stk-1427628\" data-block-id=\"1427628\"><style>.stk-1427628-column{--stk-column-gap:24px !important;row-gap:24px !important;}@media screen and (max-width:999px){.stk-1427628-column{row-gap:12px !important;}}<\/style><div class=\"stk-row stk-inner-blocks stk-block-content stk-content-align stk-1427628-column\">\n<div class=\"wp-block-stackable-column stk-block-column stk-column stk-block stk-24e2082 stk-block-background\" data-v=\"4\" data-block-id=\"24e2082\"><style>.stk-24e2082 {background-color:#1c1c1c !important;border-top-left-radius:18px !important;border-top-right-radius:18px !important;border-bottom-right-radius:18px !important;border-bottom-left-radius:18px !important;overflow:hidden !important;}.stk-24e2082:before{background-color:#1c1c1c !important;}@media screen and (min-width:690px){.stk-24e2082 {flex:var(--stk-flex-grow, 1) 1 calc(33.33% - var(--stk-column-gap, 0px) * 2 \/ 3 ) !important;}}<\/style><div class=\"stk-column-wrapper stk-block-column__content stk-container stk-24e2082-container stk--no-background stk--no-padding\"><div class=\"stk-block-content stk-inner-blocks stk-24e2082-inner-blocks\">\n<div class=\"wp-block-stackable-subtitle stk-block-subtitle stk-block stk-f63ecc7\" id=\"pazarlama\" data-block-id=\"f63ecc7\"><style>.stk-f63ecc7 .stk-block-subtitle__text{color:var(--theme-palette-color-8, #ffffff) !important;}<\/style><p class=\"stk-block-subtitle__text stk-subtitle has-text-color\"><strong>Pazarlama<\/strong><\/p><\/div>\n\n\n\n<div class=\"wp-block-stackable-text stk-block-text stk-block stk-40ccf2c\" data-block-id=\"40ccf2c\"><style>.stk-40ccf2c {margin-bottom:12px !important;}<\/style><p class=\"stk-block-text__text\">360 derece pazarlama yakla\u015f\u0131m\u0131m ile markan\u0131z\u0131 her a\u00e7\u0131dan g\u00fc\u00e7lendiriyor, hedef kitlenize ula\u015farak parlaman\u0131z\u0131 sa\u011fl\u0131yorum.<\/p><\/div>\n<\/div><a class=\"stk-link stk-block-link stk--transparent-overlay\" href=\"https:\/\/onurkenar.com\/en\/pazarlama\/\" aria-hidden=\"true\" tabindex=\"-1\"><\/a><\/div><\/div>\n\n\n\n<div class=\"wp-block-stackable-column stk-block-column stk-column stk-block stk-4a957f8 stk-block-background\" data-v=\"4\" data-block-id=\"4a957f8\"><style>.stk-4a957f8 {background-color:#1c1c1c !important;border-top-left-radius:18px !important;border-top-right-radius:18px !important;border-bottom-right-radius:18px !important;border-bottom-left-radius:18px !important;overflow:hidden !important;}.stk-4a957f8:before{background-color:#1c1c1c !important;}@media screen and (min-width:690px){.stk-4a957f8 {flex:var(--stk-flex-grow, 1) 1 calc(33.33% - var(--stk-column-gap, 0px) * 2 \/ 3 ) !important;}}<\/style><div class=\"stk-column-wrapper stk-block-column__content stk-container stk-4a957f8-container stk--no-background stk--no-padding\"><div class=\"stk-block-content stk-inner-blocks stk-4a957f8-inner-blocks\">\n<div class=\"wp-block-stackable-subtitle stk-block-subtitle stk-block stk-8a9e375\" id=\"analiz-amp-raporlama\" data-block-id=\"8a9e375\"><style>.stk-8a9e375 .stk-block-subtitle__text{color:var(--theme-palette-color-8, #ffffff) !important;}<\/style><p class=\"stk-block-subtitle__text stk-subtitle has-text-color\"><strong>\u0130\u015f Geli\u015ftirme<\/strong><\/p><\/div>\n\n\n\n<div class=\"wp-block-stackable-text stk-block-text stk-block stk-b54d797\" data-block-id=\"b54d797\"><style>.stk-b54d797 {overflow:hidden !important;margin-bottom:12px !important;}<\/style><p class=\"stk-block-text__text\">Analiz ve stratejiyle yeni i\u015f f\u0131rsatlar\u0131n\u0131 ke\u015ffederek, s\u00fcrd\u00fcr\u00fclebilir b\u00fcy\u00fcme hedeflerine ula\u015fman\u0131z\u0131 sa\u011fl\u0131yorum.<\/p><\/div>\n<\/div><a class=\"stk-link stk-block-link stk--transparent-overlay\" href=\"https:\/\/onurkenar.com\/en\/is-gelistirme\/\" aria-hidden=\"true\" tabindex=\"-1\"><\/a><\/div><\/div>\n\n\n\n<div class=\"wp-block-stackable-column stk-block-column stk-column stk-block stk-f863754 stk-block-background\" data-v=\"4\" data-block-id=\"f863754\"><style>.stk-f863754 {background-color:#1c1c1c !important;border-top-left-radius:18px !important;border-top-right-radius:18px !important;border-bottom-right-radius:18px !important;border-bottom-left-radius:18px !important;overflow:hidden !important;}.stk-f863754:before{background-color:#1c1c1c !important;}@media screen and (min-width:690px){.stk-f863754 {flex:var(--stk-flex-grow, 1) 1 calc(33.33% - var(--stk-column-gap, 0px) * 2 \/ 3 ) !important;}}<\/style><div class=\"stk-column-wrapper stk-block-column__content stk-container stk-f863754-container stk--no-background stk--no-padding\"><div class=\"stk-block-content stk-inner-blocks stk-f863754-inner-blocks\">\n<div class=\"wp-block-stackable-subtitle stk-block-subtitle stk-block stk-eadaa99\" id=\"kariyer\" data-block-id=\"eadaa99\"><style>.stk-eadaa99 .stk-block-subtitle__text{color:var(--theme-palette-color-8, #ffffff) !important;}<\/style><p class=\"stk-block-subtitle__text stk-subtitle has-text-color\"><strong>Sat\u0131\u015f<\/strong><\/p><\/div>\n\n\n\n<div class=\"wp-block-stackable-text stk-block-text stk-block stk-fe97fb4\" data-block-id=\"fe97fb4\"><style>.stk-fe97fb4 {margin-bottom:12px !important;}<\/style><p class=\"stk-block-text__text\">Sat\u0131\u015f ekibi y\u00f6netimi ve stratejik s\u00fcre\u00e7lerle sat\u0131\u015f hedeflerine ula\u015fmak i\u00e7in etkin \u00e7\u00f6z\u00fcmler sunuyorum.<\/p><\/div>\n<\/div><a class=\"stk-link stk-block-link stk--transparent-overlay\" href=\"https:\/\/onurkenar.com\/en\/satis\/\" aria-hidden=\"true\" tabindex=\"-1\"><\/a><\/div><\/div>\n<\/div><\/div>\n\n\n\n<div class=\"wp-block-stackable-columns stk-block-columns stk-block stk-e1dbae7\" data-block-id=\"e1dbae7\"><style>.stk-e1dbae7-column{--stk-column-gap:24px !important;row-gap:24px !important;}@media screen and (max-width:999px){.stk-e1dbae7-column{row-gap:12px !important;}}<\/style><div class=\"stk-row stk-inner-blocks stk-block-content stk-content-align stk-e1dbae7-column\">\n<div class=\"wp-block-stackable-column stk-block-column stk-column stk-block stk-223a952 stk-block-background\" data-v=\"4\" data-block-id=\"223a952\"><style>.stk-223a952 {background-color:#1c1c1c !important;border-top-left-radius:18px !important;border-top-right-radius:18px !important;border-bottom-right-radius:18px !important;border-bottom-left-radius:18px !important;overflow:hidden !important;}.stk-223a952:before{background-color:#1c1c1c !important;}@media screen and (min-width:690px){.stk-223a952 {flex:var(--stk-flex-grow, 1) 1 calc(33.33% - var(--stk-column-gap, 0px) * 2 \/ 3 ) !important;}}<\/style><div class=\"stk-column-wrapper stk-block-column__content stk-container stk-223a952-container stk--no-background stk--no-padding\"><div class=\"stk-block-content stk-inner-blocks stk-223a952-inner-blocks\">\n<div class=\"wp-block-stackable-subtitle stk-block-subtitle stk-block stk-ac91891\" id=\"analiz-amp-raporlama\" data-block-id=\"ac91891\"><style>.stk-ac91891 .stk-block-subtitle__text{color:var(--theme-palette-color-8, #ffffff) !important;}<\/style><p class=\"stk-block-subtitle__text stk-subtitle has-text-color\"><strong>Yetenekler<\/strong><\/p><\/div>\n\n\n\n<div class=\"wp-block-stackable-text stk-block-text stk-block stk-04fb217\" data-block-id=\"04fb217\"><style>.stk-04fb217 {overflow:hidden !important;margin-bottom:12px !important;}<\/style><p class=\"stk-block-text__text\">\u0130\u015f s\u00fcre\u00e7lerini optimize etmek ve verimlili\u011fi art\u0131rmak i\u00e7in etkin bir \u015fekilde kulland\u0131\u011f\u0131m ara\u00e7lara g\u00f6zat\u0131n.<\/p><\/div>\n<\/div><a class=\"stk-link stk-block-link stk--transparent-overlay\" href=\"https:\/\/onurkenar.com\/en\/yetenekler\/\" aria-hidden=\"true\" tabindex=\"-1\"><\/a><\/div><\/div>\n\n\n\n<div class=\"wp-block-stackable-column stk-block-column stk-column stk-block stk-b93b2ed stk-block-background\" data-v=\"4\" data-block-id=\"b93b2ed\"><style>.stk-b93b2ed {background-color:#1c1c1c !important;border-top-left-radius:18px !important;border-top-right-radius:18px !important;border-bottom-right-radius:18px !important;border-bottom-left-radius:18px !important;overflow:hidden !important;}.stk-b93b2ed:before{background-color:#1c1c1c !important;}@media screen and (min-width:690px){.stk-b93b2ed {flex:var(--stk-flex-grow, 1) 1 calc(33.33% - var(--stk-column-gap, 0px) * 2 \/ 3 ) !important;}}<\/style><div class=\"stk-column-wrapper stk-block-column__content stk-container stk-b93b2ed-container stk--no-background stk--no-padding\"><div class=\"stk-block-content stk-inner-blocks stk-b93b2ed-inner-blocks\">\n<div class=\"wp-block-stackable-subtitle stk-block-subtitle stk-block stk-2a52767\" id=\"pazarlama\" data-block-id=\"2a52767\"><style>.stk-2a52767 .stk-block-subtitle__text{color:var(--theme-palette-color-8, #ffffff) !important;}<\/style><p class=\"stk-block-subtitle__text stk-subtitle has-text-color\"><strong>E\u011fitim<\/strong><\/p><\/div>\n\n\n\n<div class=\"wp-block-stackable-text stk-block-text stk-block stk-58c9709\" data-block-id=\"58c9709\"><style>.stk-58c9709 {margin-bottom:12px !important;}<\/style><p class=\"stk-block-text__text\">Bilgisayar programlama \u00fczerine ald\u0131\u011f\u0131m lise ve \u00f6nlisans e\u011fitimimi, i\u015fletme lisans e\u011fitimimle tamamlad\u0131m.<\/p><\/div>\n<\/div><a class=\"stk-link stk-block-link stk--transparent-overlay\" href=\"https:\/\/onurkenar.com\/en\/egitim\/\" aria-hidden=\"true\" tabindex=\"-1\"><\/a><\/div><\/div>\n\n\n\n<div class=\"wp-block-stackable-column stk-block-column stk-column stk-block stk-3695ef3 stk-block-background\" data-v=\"4\" data-block-id=\"3695ef3\"><style>.stk-3695ef3 {background-color:#1c1c1c !important;border-top-left-radius:18px !important;border-top-right-radius:18px !important;border-bottom-right-radius:18px !important;border-bottom-left-radius:18px !important;overflow:hidden !important;}.stk-3695ef3:before{background-color:#1c1c1c !important;}@media screen and (min-width:690px){.stk-3695ef3 {flex:var(--stk-flex-grow, 1) 1 calc(33.33% - var(--stk-column-gap, 0px) * 2 \/ 3 ) !important;}}<\/style><div class=\"stk-column-wrapper stk-block-column__content stk-container stk-3695ef3-container stk--no-background stk--no-padding\"><div class=\"stk-block-content stk-inner-blocks stk-3695ef3-inner-blocks\">\n<div class=\"wp-block-stackable-subtitle stk-block-subtitle stk-block stk-77651bd\" id=\"kariyer\" data-block-id=\"77651bd\"><style>.stk-77651bd .stk-block-subtitle__text{color:var(--theme-palette-color-8, #ffffff) !important;}<\/style><p class=\"stk-block-subtitle__text stk-subtitle has-text-color\"><strong>Kariyer<\/strong><\/p><\/div>\n\n\n\n<div class=\"wp-block-stackable-text stk-block-text stk-block stk-1cb4aa7\" data-block-id=\"1cb4aa7\"><style>.stk-1cb4aa7 {margin-bottom:12px !important;}<\/style><p class=\"stk-block-text__text\">Teknoloji, pazarlama ve i\u015f geli\u015ftirme alanlar\u0131nda edindi\u011fim tecr\u00fcbelerime yak\u0131ndan g\u00f6z at\u0131n.<\/p><\/div>\n<\/div><a class=\"stk-link stk-block-link stk--transparent-overlay\" href=\"https:\/\/onurkenar.com\/en\/kariyer\/\" aria-hidden=\"true\" tabindex=\"-1\"><\/a><\/div><\/div>\n<\/div><\/div>","protected":false},"excerpt":{"rendered":"<p>Yeni i\u015f f\u0131rsatlar\u0131n\u0131 analiz ederek, stratejik b\u00fcy\u00fcme planlar\u0131 olu\u015fturuyorum. Pazar ara\u015ft\u0131rmalar\u0131, rekabet analizleri ve teknoloji \u00e7\u00f6z\u00fcmleriyle i\u015fletmelerin s\u00fcrd\u00fcr\u00fclebilir b\u00fcy\u00fcmesine katk\u0131 sa\u011fl\u0131yorum. Proje y\u00f6netimi ve CRM sistem geli\u015ftirme konular\u0131nda da uzman\u0131m.<\/p>","protected":false},"author":1,"featured_media":1181,"parent":0,"menu_order":0,"comment_status":"closed","ping_status":"closed","template":"","meta":{"_gspb_post_css":"","footnotes":""},"class_list":["post-1128","page","type-page","status-publish","has-post-thumbnail","hentry"],"blocksy_meta":{"has_hero_section":"disabled","styles_descriptor":{"styles":{"desktop":"","tablet":"","mobile":""},"google_fonts":[],"version":6}},"_links":{"self":[{"href":"https:\/\/onurkenar.com\/en\/wp-json\/wp\/v2\/pages\/1128","targetHints":{"allow":["GET"]}}],"collection":[{"href":"https:\/\/onurkenar.com\/en\/wp-json\/wp\/v2\/pages"}],"about":[{"href":"https:\/\/onurkenar.com\/en\/wp-json\/wp\/v2\/types\/page"}],"author":[{"embeddable":true,"href":"https:\/\/onurkenar.com\/en\/wp-json\/wp\/v2\/users\/1"}],"replies":[{"embeddable":true,"href":"https:\/\/onurkenar.com\/en\/wp-json\/wp\/v2\/comments?post=1128"}],"version-history":[{"count":5,"href":"https:\/\/onurkenar.com\/en\/wp-json\/wp\/v2\/pages\/1128\/revisions"}],"predecessor-version":[{"id":1192,"href":"https:\/\/onurkenar.com\/en\/wp-json\/wp\/v2\/pages\/1128\/revisions\/1192"}],"wp:featuredmedia":[{"embeddable":true,"href":"https:\/\/onurkenar.com\/en\/wp-json\/wp\/v2\/media\/1181"}],"wp:attachment":[{"href":"https:\/\/onurkenar.com\/en\/wp-json\/wp\/v2\/media?parent=1128"}],"curies":[{"name":"wp","href":"https:\/\/api.w.org\/{rel}","templated":true}]}}