{"id":1140,"date":"2024-11-13T10:49:08","date_gmt":"2024-11-13T10:49:08","guid":{"rendered":"https:\/\/onurkenar.com\/?page_id=1140"},"modified":"2024-11-14T10:16:38","modified_gmt":"2024-11-14T10:16:38","slug":"satis","status":"publish","type":"page","link":"https:\/\/onurkenar.com\/en\/satis\/","title":{"rendered":"Sat\u0131\u015f"},"content":{"rendered":"<div class=\"wp-block-stackable-columns stk-block-columns stk-block stk-408a21f\" data-block-id=\"408a21f\"><div class=\"stk-row stk-inner-blocks stk-block-content stk-content-align stk-408a21f-column\">\n<div class=\"wp-block-stackable-column stk-block-column stk-column stk-block stk-20c0e17\" data-v=\"4\" data-block-id=\"20c0e17\"><div class=\"stk-column-wrapper stk-block-column__content stk-container stk-20c0e17-container stk--no-background stk--no-padding\"><div class=\"stk-block-content stk-inner-blocks stk-20c0e17-inner-blocks\">\n<div class=\"wp-block-stackable-heading stk-block-heading stk-block-heading--v2 stk-block stk-1ad522b\" id=\"satis\" data-block-id=\"1ad522b\"><h1 class=\"stk-block-heading__text\">Sat\u0131\u015f<\/h1><\/div>\n\n\n\n<div class=\"wp-block-stackable-text stk-block-text stk-block stk-6e46a21\" data-block-id=\"6e46a21\"><style>.stk-6e46a21 {max-width:750px !important;min-width:auto !important;}.stk-6e46a21 .stk-block-text__text{font-size:18px !important;}@media screen and (max-width:999px){.stk-6e46a21 .stk-block-text__text{font-size:18px !important;}}<\/style><p class=\"stk-block-text__text\">Sat\u0131\u015f ekibi kurma ve y\u00f6netme konusundaki tecr\u00fcbelerimle, farkl\u0131 alanlarda y\u00fcksek performansl\u0131 sat\u0131\u015f ekipleri olu\u015fturuyor ve bu ekiplerin s\u00fcrekli geli\u015fimini sa\u011fl\u0131yorum. Alternatif sat\u0131\u015f kanallar\u0131 geli\u015ftirme yetene\u011fimle, sadece geleneksel y\u00f6ntemleri de\u011fil, dijital ve inovatif kanallar\u0131 da etkin \u015fekilde kullanarak geni\u015f m\u00fc\u015fteri kitlelerine ula\u015fmay\u0131 ba\u015far\u0131yorum. Sat\u0131\u015f s\u00fcre\u00e7lerinin her a\u015famas\u0131n\u0131 stratejik olarak planlayarak, pazarlama ile entegre \u00e7\u00f6z\u00fcmler olu\u015fturuyorum. M\u00fczakere becerilerimle, uzun vadeli i\u015f ortakl\u0131klar\u0131 kuruyor ve ba\u015far\u0131l\u0131 sonu\u00e7lar elde ediyorum. Ayr\u0131ca, sat\u0131\u015f performanslar\u0131n\u0131 d\u00fczenli olarak analiz ediyor, raporluyor ve iyile\u015ftirme alanlar\u0131n\u0131 belirleyerek ekiplerin verimlili\u011fini art\u0131r\u0131yorum. Bu sayede, sat\u0131\u015f hedeflerine ula\u015fma s\u00fcrecinde net ve sonu\u00e7 odakl\u0131 bir y\u00f6netim anlay\u0131\u015f\u0131 benimsiyorum.<\/p><\/div>\n<\/div><\/div><\/div>\n<\/div><\/div>\n\n\n\n<div class=\"wp-block-stackable-spacer stk-block-spacer stk--no-padding stk-block stk-5fd3f9e\" data-block-id=\"5fd3f9e\"><\/div>\n\n\n<style><\/style><style><\/style>\n<div class=\"wp-block-stackable-columns stk-block-columns stk-block stk-1427628\" data-block-id=\"1427628\"><style>.stk-1427628-column{--stk-column-gap:24px !important;row-gap:24px !important;}@media screen and (max-width:999px){.stk-1427628-column{row-gap:12px !important;}}<\/style><div class=\"stk-row stk-inner-blocks stk-block-content stk-content-align stk-1427628-column\">\n<div class=\"wp-block-stackable-column stk-block-column stk-column stk-block stk-24e2082 stk-block-background\" data-v=\"4\" data-block-id=\"24e2082\"><style>.stk-24e2082 {background-color:#1c1c1c !important;border-top-left-radius:18px !important;border-top-right-radius:18px !important;border-bottom-right-radius:18px !important;border-bottom-left-radius:18px !important;overflow:hidden !important;}.stk-24e2082:before{background-color:#1c1c1c !important;}@media screen and (min-width:690px){.stk-24e2082 {flex:var(--stk-flex-grow, 1) 1 calc(33.33% - var(--stk-column-gap, 0px) * 2 \/ 3 ) !important;}}<\/style><div class=\"stk-column-wrapper stk-block-column__content stk-container stk-24e2082-container stk--no-background stk--no-padding\"><div class=\"stk-block-content stk-inner-blocks stk-24e2082-inner-blocks\">\n<div class=\"wp-block-stackable-subtitle stk-block-subtitle stk-block stk-f63ecc7\" id=\"pazarlama\" data-block-id=\"f63ecc7\"><style>.stk-f63ecc7 .stk-block-subtitle__text{color:var(--theme-palette-color-8, #ffffff) !important;}<\/style><p class=\"stk-block-subtitle__text stk-subtitle has-text-color\"><strong>Pazarlama<\/strong><\/p><\/div>\n\n\n\n<div class=\"wp-block-stackable-text stk-block-text stk-block stk-40ccf2c\" data-block-id=\"40ccf2c\"><style>.stk-40ccf2c {margin-bottom:12px !important;}<\/style><p class=\"stk-block-text__text\">360 derece pazarlama yakla\u015f\u0131m\u0131m ile markan\u0131z\u0131 her a\u00e7\u0131dan g\u00fc\u00e7lendiriyor, hedef kitlenize ula\u015farak parlaman\u0131z\u0131 sa\u011fl\u0131yorum.<\/p><\/div>\n<\/div><a class=\"stk-link stk-block-link stk--transparent-overlay\" href=\"https:\/\/onurkenar.com\/en\/pazarlama\/\" aria-hidden=\"true\" tabindex=\"-1\"><\/a><\/div><\/div>\n\n\n\n<div class=\"wp-block-stackable-column stk-block-column stk-column stk-block stk-4a957f8 stk-block-background\" data-v=\"4\" data-block-id=\"4a957f8\"><style>.stk-4a957f8 {background-color:#1c1c1c !important;border-top-left-radius:18px !important;border-top-right-radius:18px !important;border-bottom-right-radius:18px !important;border-bottom-left-radius:18px !important;overflow:hidden !important;}.stk-4a957f8:before{background-color:#1c1c1c !important;}@media screen and (min-width:690px){.stk-4a957f8 {flex:var(--stk-flex-grow, 1) 1 calc(33.33% - var(--stk-column-gap, 0px) * 2 \/ 3 ) !important;}}<\/style><div class=\"stk-column-wrapper stk-block-column__content stk-container stk-4a957f8-container stk--no-background stk--no-padding\"><div class=\"stk-block-content stk-inner-blocks stk-4a957f8-inner-blocks\">\n<div class=\"wp-block-stackable-subtitle stk-block-subtitle stk-block stk-8a9e375\" id=\"analiz-amp-raporlama\" data-block-id=\"8a9e375\"><style>.stk-8a9e375 .stk-block-subtitle__text{color:var(--theme-palette-color-8, #ffffff) !important;}<\/style><p class=\"stk-block-subtitle__text stk-subtitle has-text-color\"><strong>\u0130\u015f Geli\u015ftirme<\/strong><\/p><\/div>\n\n\n\n<div class=\"wp-block-stackable-text stk-block-text stk-block stk-b54d797\" data-block-id=\"b54d797\"><style>.stk-b54d797 {overflow:hidden !important;margin-bottom:12px !important;}<\/style><p class=\"stk-block-text__text\">Analiz ve stratejiyle yeni i\u015f f\u0131rsatlar\u0131n\u0131 ke\u015ffederek, s\u00fcrd\u00fcr\u00fclebilir b\u00fcy\u00fcme hedeflerine ula\u015fman\u0131z\u0131 sa\u011fl\u0131yorum.<\/p><\/div>\n<\/div><a class=\"stk-link stk-block-link stk--transparent-overlay\" href=\"https:\/\/onurkenar.com\/en\/is-gelistirme\/\" aria-hidden=\"true\" tabindex=\"-1\"><\/a><\/div><\/div>\n\n\n\n<div class=\"wp-block-stackable-column stk-block-column stk-column stk-block stk-f863754 stk-block-background\" data-v=\"4\" data-block-id=\"f863754\"><style>.stk-f863754 {background-color:#1c1c1c !important;border-top-left-radius:18px !important;border-top-right-radius:18px !important;border-bottom-right-radius:18px !important;border-bottom-left-radius:18px !important;overflow:hidden !important;}.stk-f863754:before{background-color:#1c1c1c !important;}@media screen and (min-width:690px){.stk-f863754 {flex:var(--stk-flex-grow, 1) 1 calc(33.33% - var(--stk-column-gap, 0px) * 2 \/ 3 ) !important;}}<\/style><div class=\"stk-column-wrapper stk-block-column__content stk-container stk-f863754-container stk--no-background stk--no-padding\"><div class=\"stk-block-content stk-inner-blocks stk-f863754-inner-blocks\">\n<div class=\"wp-block-stackable-subtitle stk-block-subtitle stk-block stk-eadaa99\" id=\"kariyer\" data-block-id=\"eadaa99\"><style>.stk-eadaa99 .stk-block-subtitle__text{color:var(--theme-palette-color-8, #ffffff) !important;}<\/style><p class=\"stk-block-subtitle__text stk-subtitle has-text-color\"><strong>Sat\u0131\u015f<\/strong><\/p><\/div>\n\n\n\n<div class=\"wp-block-stackable-text stk-block-text stk-block stk-fe97fb4\" data-block-id=\"fe97fb4\"><style>.stk-fe97fb4 {margin-bottom:12px !important;}<\/style><p class=\"stk-block-text__text\">Sat\u0131\u015f ekibi y\u00f6netimi ve stratejik s\u00fcre\u00e7lerle sat\u0131\u015f hedeflerine ula\u015fmak i\u00e7in etkin \u00e7\u00f6z\u00fcmler sunuyorum.<\/p><\/div>\n<\/div><a class=\"stk-link stk-block-link stk--transparent-overlay\" href=\"https:\/\/onurkenar.com\/en\/satis\/\" aria-hidden=\"true\" tabindex=\"-1\"><\/a><\/div><\/div>\n<\/div><\/div>\n\n\n\n<div class=\"wp-block-stackable-columns stk-block-columns stk-block stk-e1dbae7\" data-block-id=\"e1dbae7\"><style>.stk-e1dbae7-column{--stk-column-gap:24px !important;row-gap:24px !important;}@media screen and (max-width:999px){.stk-e1dbae7-column{row-gap:12px !important;}}<\/style><div class=\"stk-row stk-inner-blocks stk-block-content stk-content-align stk-e1dbae7-column\">\n<div class=\"wp-block-stackable-column stk-block-column stk-column stk-block stk-223a952 stk-block-background\" data-v=\"4\" data-block-id=\"223a952\"><style>.stk-223a952 {background-color:#1c1c1c !important;border-top-left-radius:18px !important;border-top-right-radius:18px !important;border-bottom-right-radius:18px !important;border-bottom-left-radius:18px !important;overflow:hidden !important;}.stk-223a952:before{background-color:#1c1c1c !important;}@media screen and (min-width:690px){.stk-223a952 {flex:var(--stk-flex-grow, 1) 1 calc(33.33% - var(--stk-column-gap, 0px) * 2 \/ 3 ) !important;}}<\/style><div class=\"stk-column-wrapper stk-block-column__content stk-container stk-223a952-container stk--no-background stk--no-padding\"><div class=\"stk-block-content stk-inner-blocks stk-223a952-inner-blocks\">\n<div class=\"wp-block-stackable-subtitle stk-block-subtitle stk-block stk-ac91891\" id=\"analiz-amp-raporlama\" data-block-id=\"ac91891\"><style>.stk-ac91891 .stk-block-subtitle__text{color:var(--theme-palette-color-8, #ffffff) !important;}<\/style><p class=\"stk-block-subtitle__text stk-subtitle has-text-color\"><strong>Yetenekler<\/strong><\/p><\/div>\n\n\n\n<div class=\"wp-block-stackable-text stk-block-text stk-block stk-04fb217\" data-block-id=\"04fb217\"><style>.stk-04fb217 {overflow:hidden !important;margin-bottom:12px !important;}<\/style><p class=\"stk-block-text__text\">\u0130\u015f s\u00fcre\u00e7lerini optimize etmek ve verimlili\u011fi art\u0131rmak i\u00e7in etkin bir \u015fekilde kulland\u0131\u011f\u0131m ara\u00e7lara g\u00f6zat\u0131n.<\/p><\/div>\n<\/div><a class=\"stk-link stk-block-link stk--transparent-overlay\" href=\"https:\/\/onurkenar.com\/en\/yetenekler\/\" aria-hidden=\"true\" tabindex=\"-1\"><\/a><\/div><\/div>\n\n\n\n<div class=\"wp-block-stackable-column stk-block-column stk-column stk-block stk-b93b2ed stk-block-background\" data-v=\"4\" data-block-id=\"b93b2ed\"><style>.stk-b93b2ed {background-color:#1c1c1c !important;border-top-left-radius:18px !important;border-top-right-radius:18px !important;border-bottom-right-radius:18px !important;border-bottom-left-radius:18px !important;overflow:hidden !important;}.stk-b93b2ed:before{background-color:#1c1c1c !important;}@media screen and (min-width:690px){.stk-b93b2ed {flex:var(--stk-flex-grow, 1) 1 calc(33.33% - var(--stk-column-gap, 0px) * 2 \/ 3 ) !important;}}<\/style><div class=\"stk-column-wrapper stk-block-column__content stk-container stk-b93b2ed-container stk--no-background stk--no-padding\"><div class=\"stk-block-content stk-inner-blocks stk-b93b2ed-inner-blocks\">\n<div class=\"wp-block-stackable-subtitle stk-block-subtitle stk-block stk-2a52767\" id=\"pazarlama\" data-block-id=\"2a52767\"><style>.stk-2a52767 .stk-block-subtitle__text{color:var(--theme-palette-color-8, #ffffff) !important;}<\/style><p class=\"stk-block-subtitle__text stk-subtitle has-text-color\"><strong>E\u011fitim<\/strong><\/p><\/div>\n\n\n\n<div class=\"wp-block-stackable-text stk-block-text stk-block stk-58c9709\" data-block-id=\"58c9709\"><style>.stk-58c9709 {margin-bottom:12px !important;}<\/style><p class=\"stk-block-text__text\">Bilgisayar programlama \u00fczerine ald\u0131\u011f\u0131m lise ve \u00f6nlisans e\u011fitimimi, i\u015fletme lisans e\u011fitimimle tamamlad\u0131m.<\/p><\/div>\n<\/div><a class=\"stk-link stk-block-link stk--transparent-overlay\" href=\"https:\/\/onurkenar.com\/en\/egitim\/\" aria-hidden=\"true\" tabindex=\"-1\"><\/a><\/div><\/div>\n\n\n\n<div class=\"wp-block-stackable-column stk-block-column stk-column stk-block stk-3695ef3 stk-block-background\" data-v=\"4\" data-block-id=\"3695ef3\"><style>.stk-3695ef3 {background-color:#1c1c1c !important;border-top-left-radius:18px !important;border-top-right-radius:18px !important;border-bottom-right-radius:18px !important;border-bottom-left-radius:18px !important;overflow:hidden !important;}.stk-3695ef3:before{background-color:#1c1c1c !important;}@media screen and (min-width:690px){.stk-3695ef3 {flex:var(--stk-flex-grow, 1) 1 calc(33.33% - var(--stk-column-gap, 0px) * 2 \/ 3 ) !important;}}<\/style><div class=\"stk-column-wrapper stk-block-column__content stk-container stk-3695ef3-container stk--no-background stk--no-padding\"><div class=\"stk-block-content stk-inner-blocks stk-3695ef3-inner-blocks\">\n<div class=\"wp-block-stackable-subtitle stk-block-subtitle stk-block stk-77651bd\" id=\"kariyer\" data-block-id=\"77651bd\"><style>.stk-77651bd .stk-block-subtitle__text{color:var(--theme-palette-color-8, #ffffff) !important;}<\/style><p class=\"stk-block-subtitle__text stk-subtitle has-text-color\"><strong>Kariyer<\/strong><\/p><\/div>\n\n\n\n<div class=\"wp-block-stackable-text stk-block-text stk-block stk-1cb4aa7\" data-block-id=\"1cb4aa7\"><style>.stk-1cb4aa7 {margin-bottom:12px !important;}<\/style><p class=\"stk-block-text__text\">Teknoloji, pazarlama ve i\u015f geli\u015ftirme alanlar\u0131nda edindi\u011fim tecr\u00fcbelerime yak\u0131ndan g\u00f6z at\u0131n.<\/p><\/div>\n<\/div><a class=\"stk-link stk-block-link stk--transparent-overlay\" href=\"https:\/\/onurkenar.com\/en\/kariyer\/\" aria-hidden=\"true\" tabindex=\"-1\"><\/a><\/div><\/div>\n<\/div><\/div>","protected":false},"excerpt":{"rendered":"<p>Sat\u0131\u015f stratejileri olu\u015fturarak, ekip y\u00f6netimi ve s\u00fcre\u00e7 optimizasyonu ile y\u00fcksek performans elde ediyorum. Sat\u0131\u015f kanallar\u0131 y\u00f6netimi, m\u00fczakere ve sat\u0131\u015f hedeflerine ula\u015fmada g\u00fc\u00e7l\u00fc liderlik becerilerimle \u00e7\u00f6z\u00fcm sunuyorum. Y\u00fcksek ba\u015far\u0131 oran\u0131yla sat\u0131\u015f s\u00fcre\u00e7lerini y\u00f6nlendiriyorum.<\/p>","protected":false},"author":1,"featured_media":1183,"parent":0,"menu_order":0,"comment_status":"closed","ping_status":"closed","template":"","meta":{"_gspb_post_css":"","footnotes":""},"class_list":["post-1140","page","type-page","status-publish","has-post-thumbnail","hentry"],"blocksy_meta":{"has_hero_section":"disabled","styles_descriptor":{"styles":{"desktop":"","tablet":"","mobile":""},"google_fonts":[],"version":6}},"_links":{"self":[{"href":"https:\/\/onurkenar.com\/en\/wp-json\/wp\/v2\/pages\/1140","targetHints":{"allow":["GET"]}}],"collection":[{"href":"https:\/\/onurkenar.com\/en\/wp-json\/wp\/v2\/pages"}],"about":[{"href":"https:\/\/onurkenar.com\/en\/wp-json\/wp\/v2\/types\/page"}],"author":[{"embeddable":true,"href":"https:\/\/onurkenar.com\/en\/wp-json\/wp\/v2\/users\/1"}],"replies":[{"embeddable":true,"href":"https:\/\/onurkenar.com\/en\/wp-json\/wp\/v2\/comments?post=1140"}],"version-history":[{"count":3,"href":"https:\/\/onurkenar.com\/en\/wp-json\/wp\/v2\/pages\/1140\/revisions"}],"predecessor-version":[{"id":1194,"href":"https:\/\/onurkenar.com\/en\/wp-json\/wp\/v2\/pages\/1140\/revisions\/1194"}],"wp:featuredmedia":[{"embeddable":true,"href":"https:\/\/onurkenar.com\/en\/wp-json\/wp\/v2\/media\/1183"}],"wp:attachment":[{"href":"https:\/\/onurkenar.com\/en\/wp-json\/wp\/v2\/media?parent=1140"}],"curies":[{"name":"wp","href":"https:\/\/api.w.org\/{rel}","templated":true}]}}